{"id":29578,"date":"2023-01-19T20:34:21","date_gmt":"2023-01-19T20:34:21","guid":{"rendered":"https:\/\/theme-dev.cmsmasters.net\/dental\/?page_id=28904"},"modified":"2024-11-13T15:57:36","modified_gmt":"2024-11-13T15:57:36","slug":"blog","status":"publish","type":"page","link":"https:\/\/bioral.es\/en\/blog\/","title":{"rendered":"Blog"},"content":{"rendered":"<div data-elementor-type=\"wp-page\" data-elementor-id=\"29578\" class=\"elementor elementor-29578\">\n\t\t\t\t<div class=\"elementor-element elementor-element-80651d6 cmsmasters-section-for-header-yes e-flex e-con-boxed cmsmasters-block-default e-con e-parent\" data-id=\"80651d6\" data-element_type=\"container\" data-e-type=\"container\" data-settings=\"{&quot;background_background&quot;:&quot;classic&quot;}\">\n\t\t\t\t\t<div class=\"e-con-inner\">\n\t\t\t\t<div class=\"elementor-element elementor-element-8765727 cmsmasters-line-clamp-no cmsmasters-color-variation-default cmsmasters-pointer-none cmsmasters-block-default cmsmasters-sticky-default elementor-widget elementor-widget-cmsmasters-page-title cmsmasters-widget-title\" data-id=\"8765727\" data-element_type=\"widget\" data-e-type=\"widget\" data-widget_type=\"cmsmasters-page-title.default\">\n\t\t\t\t<div class=\"elementor-widget-container\">\n\t\t\t\t\t<h1 class=\"entry-title cmsmasters-widget-title__heading\">Archives<\/h1>\t\t\t\t<\/div>\n\t\t\t\t<\/div>\n\t\t\t\t<div class=\"elementor-element elementor-element-d3a4e9a cmsmasters-breadcrumbs-alignment-right cmsmasters-breadcrumbs-alignment-mobile-left cmsmasters-breadcrumbs-type-cmsmasters cmsmasters-separator-type-text cmsmasters-block-default cmsmasters-sticky-default elementor-widget elementor-widget-cmsmasters-breadcrumbs cmsmasters-widget-breadcrumbs\" data-id=\"d3a4e9a\" data-element_type=\"widget\" data-e-type=\"widget\" data-widget_type=\"cmsmasters-breadcrumbs.default\">\n\t\t\t\t<div class=\"elementor-widget-container\">\n\t\t\t\t\t<div class=\"cmsmasters-widget-breadcrumbs__container\"><div class=\"cmsmasters-widget-breadcrumbs__content\"><a href=\"https:\/\/bioral.es\/en\/\" class=\"cmsmasters-home\">Home<\/a><span class=\"cmsmasters-widget-breadcrumbs__sep\"><span>\/<\/span><\/span><span>No breadcrumbs<\/span><\/div><\/div>\t\t\t\t<\/div>\n\t\t\t\t<\/div>\n\t\t\t\t\t<\/div>\n\t\t\t\t<\/div>\n\t\t<div class=\"elementor-element elementor-element-e90a4e5 e-flex e-con-boxed cmsmasters-block-default e-con e-parent\" data-id=\"e90a4e5\" data-element_type=\"container\" data-e-type=\"container\">\n\t\t\t\t\t<div class=\"e-con-inner\">\n\t\t\t\t<div class=\"elementor-element elementor-element-f0340cc cmsmasters-blog--layout-default cmsmasters-slider--effect-slide cmsmasters-block-default cmsmasters-sticky-default elementor-widget elementor-widget-cmsmasters-blog-slider elementor-widget-cmsmasters-blog-similar\" data-id=\"f0340cc\" data-element_type=\"widget\" data-e-type=\"widget\" data-settings=\"{&quot;blog_layout&quot;:&quot;default&quot;,&quot;slider_type&quot;:&quot;carousel&quot;,&quot;slider_effect&quot;:&quot;slide&quot;,&quot;slider_direction&quot;:&quot;horizontal&quot;,&quot;slider_height_type&quot;:&quot;auto&quot;,&quot;slider_per_view&quot;:&quot;3&quot;,&quot;slider_autoplay&quot;:&quot;yes&quot;,&quot;slider_autoplay_speed&quot;:5000,&quot;slider_speed&quot;:500,&quot;slider_pause_on_hover&quot;:&quot;yes&quot;,&quot;slider_infinite&quot;:&quot;yes&quot;,&quot;slider_arrows&quot;:&quot;yes&quot;,&quot;slider_arrows_visibility&quot;:&quot;always&quot;,&quot;slider_space_between&quot;:{&quot;unit&quot;:&quot;px&quot;,&quot;size&quot;:&quot;&quot;,&quot;sizes&quot;:[]},&quot;slider_space_between_widescreen&quot;:{&quot;unit&quot;:&quot;px&quot;,&quot;size&quot;:&quot;&quot;,&quot;sizes&quot;:[]},&quot;slider_space_between_tablet&quot;:{&quot;unit&quot;:&quot;px&quot;,&quot;size&quot;:&quot;&quot;,&quot;sizes&quot;:[]},&quot;slider_space_between_mobile&quot;:{&quot;unit&quot;:&quot;px&quot;,&quot;size&quot;:&quot;&quot;,&quot;sizes&quot;:[]},&quot;slider_width&quot;:{&quot;unit&quot;:&quot;%&quot;,&quot;size&quot;:&quot;&quot;,&quot;sizes&quot;:[]},&quot;slider_width_widescreen&quot;:{&quot;unit&quot;:&quot;px&quot;,&quot;size&quot;:&quot;&quot;,&quot;sizes&quot;:[]},&quot;slider_width_tablet&quot;:{&quot;unit&quot;:&quot;px&quot;,&quot;size&quot;:&quot;&quot;,&quot;sizes&quot;:[]},&quot;slider_width_mobile&quot;:{&quot;unit&quot;:&quot;px&quot;,&quot;size&quot;:&quot;&quot;,&quot;sizes&quot;:[]},&quot;slider_scrollbar_circle&quot;:&quot;circle&quot;}\" data-widget_type=\"cmsmasters-blog-slider.default\">\n\t\t\t\t<div class=\"elementor-widget-container\">\n\t\t\t\t\t<div class=\"cmsmasters-blog cmsmasters-blog-slider cmsmasters-blog--type-default\"><div class=\"cmsmasters-blog__posts-variable\"><div class=\"cmsmasters-blog__posts-wrap\"><div class=\"cmsmasters-blog__posts\"><div id=\"cmsmasters-slider-f0340cc\" class=\"cmsmasters-slider\"><div class=\"cmsmasters-swiper-container\"><div class=\"swiper-wrapper\"><div class=\"swiper-slide\"><article id=\"post-12333\" class=\"cmsmasters-blog__post post-12333 post type-post status-publish format-standard has-post-thumbnail hentry category-clinica-dental-bioral\"><div class=\"cmsmasters-blog__post-inner\"><div class=\"cmsmasters-blog__post-thumbnail\"><a href=\"https:\/\/bioral.es\/en\/diccionario-dental-cuando-vas-al-dentista\/\" class=\"cmsmasters-blog__post-thumbnail__inner\"><img fetchpriority=\"high\" decoding=\"async\" width=\"768\" height=\"436\" src=\"https:\/\/bioral.es\/wp-content\/uploads\/2019\/01\/diccionario-dental-ortoperio-30x17.jpg\" class=\"attachment-medium_large size-medium_large wp-image-33834 cmsmasters_img cmsmasters-lazyload lazyload\" alt=\"\" data-sizes=\"(max-width: 768px) 100vw, 768px\" data-src=\"https:\/\/bioral.es\/wp-content\/uploads\/2019\/01\/diccionario-dental-ortoperio-768x436.jpg\" data-srcset=\"https:\/\/bioral.es\/wp-content\/uploads\/2019\/01\/diccionario-dental-ortoperio-768x436.jpg 768w, https:\/\/bioral.es\/wp-content\/uploads\/2019\/01\/diccionario-dental-ortoperio-300x170.jpg 300w, https:\/\/bioral.es\/wp-content\/uploads\/2019\/01\/diccionario-dental-ortoperio-1024x581.jpg 1024w, https:\/\/bioral.es\/wp-content\/uploads\/2019\/01\/diccionario-dental-ortoperio-18x10.jpg 18w, https:\/\/bioral.es\/wp-content\/uploads\/2019\/01\/diccionario-dental-ortoperio-529x300.jpg 529w, https:\/\/bioral.es\/wp-content\/uploads\/2019\/01\/diccionario-dental-ortoperio-600x341.jpg 600w, https:\/\/bioral.es\/wp-content\/uploads\/2019\/01\/diccionario-dental-ortoperio-30x16.jpg 30w, https:\/\/bioral.es\/wp-content\/uploads\/2019\/01\/diccionario-dental-ortoperio.jpg 1480w\" srcset=\"https:\/\/bioral.es\/wp-content\/uploads\/2019\/01\/diccionario-dental-ortoperio-30x16.jpg 30w, https:\/\/bioral.es\/wp-content\/uploads\/2019\/01\/diccionario-dental-ortoperio-300x170.jpg 300w, https:\/\/bioral.es\/wp-content\/uploads\/2019\/01\/diccionario-dental-ortoperio-1024x581.jpg 1024w, https:\/\/bioral.es\/wp-content\/uploads\/2019\/01\/diccionario-dental-ortoperio-768x436.jpg 768w, https:\/\/bioral.es\/wp-content\/uploads\/2019\/01\/diccionario-dental-ortoperio-18x10.jpg 18w, https:\/\/bioral.es\/wp-content\/uploads\/2019\/01\/diccionario-dental-ortoperio-529x300.jpg 529w, https:\/\/bioral.es\/wp-content\/uploads\/2019\/01\/diccionario-dental-ortoperio-600x341.jpg 600w, https:\/\/bioral.es\/wp-content\/uploads\/2019\/01\/diccionario-dental-ortoperio.jpg 1480w\" sizes=\"(max-width: 768px) 100vw, 768px\" \/><\/a><\/div><div class=\"cmsmasters-widget-meta-data\" data-name=\"meta_data_top\"><div class=\"cmsmasters-widget-meta-data-inner\"><div class=\"cmsmasters-widget-meta-data-item\"><span data-taxonomy=\"category\" class=\"cmsmasters-postmeta\" data-name=\"taxonomy\"><span class=\"cmsmasters-postmeta__inner\"><span class=\"cmsmasters-postmeta__content\"><span class=\"term-wrap\"><a class=\"term\" rel=\"category tag\" href=\"https:\/\/bioral.es\/en\/category\/clinica-dental-bioral\/\"><span>Cl\u00ednica Dental Bioral<\/span><\/a><\/span><\/span><\/span><\/span><\/div><\/div><\/div><h3 class=\"cmsmasters-blog__post-title\"><a href=\"https:\/\/bioral.es\/en\/diccionario-dental-cuando-vas-al-dentista\/\">T\u00e9rminos que debes de conocer cuando vas al dentista.<\/a><\/h3><div class=\"cmsmasters-blog__post-excerpt\">En muchas ocasiones, el miedo al dentista, adem\u00e1s de por el obvio miedo que se puede tener a las agujas, viene dado por el desconocimiento...<\/div><div class=\"cmsmasters-blog__post_footer\"><div class=\"cmsmasters-widget-meta-data\" data-name=\"meta_data_bottom\"><div class=\"cmsmasters-widget-meta-data-inner\"><div class=\"cmsmasters-widget-meta-data-item\"><span class=\"author-prefix\">By <\/span><span class=\"cmsmasters-postmeta\" data-name=\"author\"><span class=\"cmsmasters-postmeta__inner\"><span class=\"cmsmasters-postmeta__content\"><a rel=\"author\" href=\"https:\/\/bioral.es\/en\/author\/alvaro\/\"><span>Cl\u00ednica Dental Bioral<\/span><\/a><\/span><\/span><\/span><span class=\"item-sep\"><\/span><\/div><div class=\"cmsmasters-widget-meta-data-item\"><span class=\"cmsmasters-postmeta\" data-name=\"date\"><span class=\"cmsmasters-postmeta__inner\"><span class=\"cmsmasters-postmeta__content\"><span>February 23, 2025<\/span><\/span><\/span><\/span><span class=\"item-sep\"><\/span><\/div><div class=\"cmsmasters-widget-meta-data-item\"><a title=\"Like\" data-id=\"12333\" href=\"#\" data-type=\"like\" class=\"cmsmasters-postmeta\" data-name=\"count\"><span class=\"cmsmasters-postmeta__inner\"><span class=\"cmsmasters-wrap-icon\"><i class=\"far fa-heart\"><\/i><\/span><span class=\"cmsmasters-postmeta__content\">0<\/span><\/span><\/a><\/div><\/div><\/div><\/div><\/div><\/article><\/div><div class=\"swiper-slide\"><article id=\"post-12534\" class=\"cmsmasters-blog__post post-12534 post type-post status-publish format-standard has-post-thumbnail hentry category-clinica-dental-bioral\"><div class=\"cmsmasters-blog__post-inner\"><div class=\"cmsmasters-blog__post-thumbnail\"><a href=\"https:\/\/bioral.es\/en\/consejos-para-cepillarte-los-dientes\/\" class=\"cmsmasters-blog__post-thumbnail__inner\"><img decoding=\"async\" width=\"768\" height=\"436\" src=\"https:\/\/bioral.es\/wp-content\/uploads\/2019\/11\/consejos-cepillado-dental-30x17.jpg\" class=\"attachment-medium_large size-medium_large wp-image-33741 cmsmasters_img cmsmasters-lazyload lazyload\" alt=\"\" data-sizes=\"(max-width: 768px) 100vw, 768px\" data-src=\"https:\/\/bioral.es\/wp-content\/uploads\/2019\/11\/consejos-cepillado-dental-768x436.jpg\" data-srcset=\"https:\/\/bioral.es\/wp-content\/uploads\/2019\/11\/consejos-cepillado-dental-768x436.jpg 768w, https:\/\/bioral.es\/wp-content\/uploads\/2019\/11\/consejos-cepillado-dental-300x170.jpg 300w, https:\/\/bioral.es\/wp-content\/uploads\/2019\/11\/consejos-cepillado-dental-1024x581.jpg 1024w, https:\/\/bioral.es\/wp-content\/uploads\/2019\/11\/consejos-cepillado-dental-18x10.jpg 18w, https:\/\/bioral.es\/wp-content\/uploads\/2019\/11\/consejos-cepillado-dental-529x300.jpg 529w, https:\/\/bioral.es\/wp-content\/uploads\/2019\/11\/consejos-cepillado-dental-600x341.jpg 600w, https:\/\/bioral.es\/wp-content\/uploads\/2019\/11\/consejos-cepillado-dental-30x16.jpg 30w, https:\/\/bioral.es\/wp-content\/uploads\/2019\/11\/consejos-cepillado-dental.jpg 1480w\" srcset=\"https:\/\/bioral.es\/wp-content\/uploads\/2019\/11\/consejos-cepillado-dental-30x16.jpg 30w, https:\/\/bioral.es\/wp-content\/uploads\/2019\/11\/consejos-cepillado-dental-300x170.jpg 300w, https:\/\/bioral.es\/wp-content\/uploads\/2019\/11\/consejos-cepillado-dental-1024x581.jpg 1024w, https:\/\/bioral.es\/wp-content\/uploads\/2019\/11\/consejos-cepillado-dental-768x436.jpg 768w, https:\/\/bioral.es\/wp-content\/uploads\/2019\/11\/consejos-cepillado-dental-18x10.jpg 18w, https:\/\/bioral.es\/wp-content\/uploads\/2019\/11\/consejos-cepillado-dental-529x300.jpg 529w, https:\/\/bioral.es\/wp-content\/uploads\/2019\/11\/consejos-cepillado-dental-600x341.jpg 600w, https:\/\/bioral.es\/wp-content\/uploads\/2019\/11\/consejos-cepillado-dental.jpg 1480w\" sizes=\"(max-width: 768px) 100vw, 768px\" \/><\/a><\/div><div class=\"cmsmasters-widget-meta-data\" data-name=\"meta_data_top\"><div class=\"cmsmasters-widget-meta-data-inner\"><div class=\"cmsmasters-widget-meta-data-item\"><span data-taxonomy=\"category\" class=\"cmsmasters-postmeta\" data-name=\"taxonomy\"><span class=\"cmsmasters-postmeta__inner\"><span class=\"cmsmasters-postmeta__content\"><span class=\"term-wrap\"><a class=\"term\" rel=\"category tag\" href=\"https:\/\/bioral.es\/en\/category\/clinica-dental-bioral\/\"><span>Cl\u00ednica Dental Bioral<\/span><\/a><\/span><\/span><\/span><\/span><\/div><\/div><\/div><h3 class=\"cmsmasters-blog__post-title\"><a href=\"https:\/\/bioral.es\/en\/consejos-para-cepillarte-los-dientes\/\">Consejos para cepillarte los dientes<\/a><\/h3><div class=\"cmsmasters-blog__post-excerpt\">Una sonrisa bonita y sana es, adem\u00e1s de una parte vital de nuestra salud f\u00edsica, uno de los primeros elementos que te representan. Cada vez...<\/div><div class=\"cmsmasters-blog__post_footer\"><div class=\"cmsmasters-widget-meta-data\" data-name=\"meta_data_bottom\"><div class=\"cmsmasters-widget-meta-data-inner\"><div class=\"cmsmasters-widget-meta-data-item\"><span class=\"author-prefix\">By <\/span><span class=\"cmsmasters-postmeta\" data-name=\"author\"><span class=\"cmsmasters-postmeta__inner\"><span class=\"cmsmasters-postmeta__content\"><a rel=\"author\" href=\"https:\/\/bioral.es\/en\/author\/alvaro\/\"><span>Cl\u00ednica Dental Bioral<\/span><\/a><\/span><\/span><\/span><span class=\"item-sep\"><\/span><\/div><div class=\"cmsmasters-widget-meta-data-item\"><span class=\"cmsmasters-postmeta\" data-name=\"date\"><span class=\"cmsmasters-postmeta__inner\"><span class=\"cmsmasters-postmeta__content\"><span>February 6, 2025<\/span><\/span><\/span><\/span><span class=\"item-sep\"><\/span><\/div><div class=\"cmsmasters-widget-meta-data-item\"><a title=\"Like\" data-id=\"12534\" href=\"#\" data-type=\"like\" class=\"cmsmasters-postmeta\" data-name=\"count\"><span class=\"cmsmasters-postmeta__inner\"><span class=\"cmsmasters-wrap-icon\"><i class=\"far fa-heart\"><\/i><\/span><span class=\"cmsmasters-postmeta__content\">0<\/span><\/span><\/a><\/div><\/div><\/div><\/div><\/div><\/article><\/div><div class=\"swiper-slide\"><article id=\"post-12441\" class=\"cmsmasters-blog__post post-12441 post type-post status-publish format-standard has-post-thumbnail hentry category-clinica-dental-bioral\"><div class=\"cmsmasters-blog__post-inner\"><div class=\"cmsmasters-blog__post-thumbnail\"><a href=\"https:\/\/bioral.es\/en\/comida-despues-de-una-intervencion-dental\/\" class=\"cmsmasters-blog__post-thumbnail__inner\"><img decoding=\"async\" width=\"768\" height=\"436\" src=\"https:\/\/bioral.es\/wp-content\/uploads\/2019\/03\/comida-despues-de-intervencion-dental-30x17.jpg\" class=\"attachment-medium_large size-medium_large wp-image-33746 cmsmasters_img cmsmasters-lazyload lazyload\" alt=\"\" data-sizes=\"(max-width: 768px) 100vw, 768px\" data-src=\"https:\/\/bioral.es\/wp-content\/uploads\/2019\/03\/comida-despues-de-intervencion-dental-768x436.jpg\" data-srcset=\"https:\/\/bioral.es\/wp-content\/uploads\/2019\/03\/comida-despues-de-intervencion-dental-768x436.jpg 768w, https:\/\/bioral.es\/wp-content\/uploads\/2019\/03\/comida-despues-de-intervencion-dental-300x170.jpg 300w, https:\/\/bioral.es\/wp-content\/uploads\/2019\/03\/comida-despues-de-intervencion-dental-1024x581.jpg 1024w, https:\/\/bioral.es\/wp-content\/uploads\/2019\/03\/comida-despues-de-intervencion-dental-18x10.jpg 18w, https:\/\/bioral.es\/wp-content\/uploads\/2019\/03\/comida-despues-de-intervencion-dental-529x300.jpg 529w, https:\/\/bioral.es\/wp-content\/uploads\/2019\/03\/comida-despues-de-intervencion-dental-600x341.jpg 600w, https:\/\/bioral.es\/wp-content\/uploads\/2019\/03\/comida-despues-de-intervencion-dental-30x16.jpg 30w, https:\/\/bioral.es\/wp-content\/uploads\/2019\/03\/comida-despues-de-intervencion-dental.jpg 1480w\" srcset=\"https:\/\/bioral.es\/wp-content\/uploads\/2019\/03\/comida-despues-de-intervencion-dental-30x16.jpg 30w, https:\/\/bioral.es\/wp-content\/uploads\/2019\/03\/comida-despues-de-intervencion-dental-300x170.jpg 300w, https:\/\/bioral.es\/wp-content\/uploads\/2019\/03\/comida-despues-de-intervencion-dental-1024x581.jpg 1024w, https:\/\/bioral.es\/wp-content\/uploads\/2019\/03\/comida-despues-de-intervencion-dental-768x436.jpg 768w, https:\/\/bioral.es\/wp-content\/uploads\/2019\/03\/comida-despues-de-intervencion-dental-18x10.jpg 18w, https:\/\/bioral.es\/wp-content\/uploads\/2019\/03\/comida-despues-de-intervencion-dental-529x300.jpg 529w, https:\/\/bioral.es\/wp-content\/uploads\/2019\/03\/comida-despues-de-intervencion-dental-600x341.jpg 600w, https:\/\/bioral.es\/wp-content\/uploads\/2019\/03\/comida-despues-de-intervencion-dental.jpg 1480w\" sizes=\"(max-width: 768px) 100vw, 768px\" \/><\/a><\/div><div class=\"cmsmasters-widget-meta-data\" data-name=\"meta_data_top\"><div class=\"cmsmasters-widget-meta-data-inner\"><div class=\"cmsmasters-widget-meta-data-item\"><span data-taxonomy=\"category\" class=\"cmsmasters-postmeta\" data-name=\"taxonomy\"><span class=\"cmsmasters-postmeta__inner\"><span class=\"cmsmasters-postmeta__content\"><span class=\"term-wrap\"><a class=\"term\" rel=\"category tag\" href=\"https:\/\/bioral.es\/en\/category\/clinica-dental-bioral\/\"><span>Cl\u00ednica Dental Bioral<\/span><\/a><\/span><\/span><\/span><\/span><\/div><\/div><\/div><h3 class=\"cmsmasters-blog__post-title\"><a href=\"https:\/\/bioral.es\/en\/comida-despues-de-una-intervencion-dental\/\">Comida despu\u00e9s de una intervenci\u00f3n dental<\/a><\/h3><div class=\"cmsmasters-blog__post-excerpt\">Tras una intervenci\u00f3n dental, ser\u00e1 necesario observar algunas precauciones a la hora de comer. La operaciones quir\u00fargicas, como un implante dental o un injerto de...<\/div><div class=\"cmsmasters-blog__post_footer\"><div class=\"cmsmasters-widget-meta-data\" data-name=\"meta_data_bottom\"><div class=\"cmsmasters-widget-meta-data-inner\"><div class=\"cmsmasters-widget-meta-data-item\"><span class=\"author-prefix\">By <\/span><span class=\"cmsmasters-postmeta\" data-name=\"author\"><span class=\"cmsmasters-postmeta__inner\"><span class=\"cmsmasters-postmeta__content\"><a rel=\"author\" href=\"https:\/\/bioral.es\/en\/author\/alvaro\/\"><span>Cl\u00ednica Dental Bioral<\/span><\/a><\/span><\/span><\/span><span class=\"item-sep\"><\/span><\/div><div class=\"cmsmasters-widget-meta-data-item\"><span class=\"cmsmasters-postmeta\" data-name=\"date\"><span class=\"cmsmasters-postmeta__inner\"><span class=\"cmsmasters-postmeta__content\"><span>February 4, 2025<\/span><\/span><\/span><\/span><span class=\"item-sep\"><\/span><\/div><div class=\"cmsmasters-widget-meta-data-item\"><a title=\"Like\" data-id=\"12441\" href=\"#\" data-type=\"like\" class=\"cmsmasters-postmeta\" data-name=\"count\"><span class=\"cmsmasters-postmeta__inner\"><span class=\"cmsmasters-wrap-icon\"><i class=\"far fa-heart\"><\/i><\/span><span class=\"cmsmasters-postmeta__content\">0<\/span><\/span><\/a><\/div><\/div><\/div><\/div><\/div><\/article><\/div><\/div><\/div><div class=\"swiper-buttons-wrap\"><div class=\"swiper-buttons-wrap-inner\"><div class=\"swiper-button swiper-button-prev\"><div class=\"swiper-button-inner\"><span class=\"cmsmasters-wrap-icon\"><svg class=\"e-font-icon-svg e-fas-chevron-left\" viewbox=\"0 0 320 512\" xmlns=\"http:\/\/www.w3.org\/2000\/svg\"><path d=\"M34.52 239.03L228.87 44.69c9.37-9.37 24.57-9.37 33.94 0l22.67 22.67c9.36 9.36 9.37 24.52.04 33.9L131.49 256l154.02 154.75c9.34 9.38 9.32 24.54-.04 33.9l-22.67 22.67c-9.37 9.37-24.57 9.37-33.94 0L34.52 272.97c-9.37-9.37-9.37-24.57 0-33.94z\"><\/path><\/svg><\/span><\/div><\/div><div class=\"swiper-button swiper-button-next\"><div class=\"swiper-button-inner\"><span class=\"cmsmasters-wrap-icon\"><svg class=\"e-font-icon-svg e-fas-chevron-right\" viewbox=\"0 0 320 512\" xmlns=\"http:\/\/www.w3.org\/2000\/svg\"><path d=\"M285.476 272.971L91.132 467.314c-9.373 9.373-24.569 9.373-33.941 0l-22.667-22.667c-9.357-9.357-9.375-24.522-.04-33.901L188.505 256 34.484 101.255c-9.335-9.379-9.317-24.544.04-33.901l22.667-22.667c9.373-9.373 24.569-9.373 33.941 0L285.475 239.03c9.373 9.372 9.373 24.568.001 33.941z\"><\/path><\/svg><\/span><\/div><\/div><\/div><\/div><\/div><\/div><\/div><\/div><\/div>\t\t\t\t<\/div>\n\t\t\t\t<\/div>\n\t\t\t\t\t<\/div>\n\t\t\t\t<\/div>\n\t\t\t\t<\/div>","protected":false},"excerpt":{"rendered":"<p>Home\/No breadcrumbs<\/p>","protected":false},"author":2,"featured_media":0,"parent":0,"menu_order":0,"comment_status":"closed","ping_status":"closed","template":"","meta":{"_acf_changed":false,"footnotes":""},"class_list":["post-29578","page","type-page","status-publish","hentry"],"acf":[],"yoast_head":"<!-- This site is optimized with the Yoast SEO Premium plugin v23.6 (Yoast SEO v27.4) - https:\/\/yoast.com\/product\/yoast-seo-premium-wordpress\/ -->\n<title>Blog - Cl&iacute;nica Dental Bioral<\/title>\n<meta name=\"robots\" content=\"index, follow, max-snippet:-1, max-image-preview:large, max-video-preview:-1\" \/>\n<link rel=\"canonical\" href=\"https:\/\/bioral.es\/en\/blog\/\" \/>\n<meta property=\"og:locale\" content=\"en_US\" \/>\n<meta property=\"og:type\" content=\"article\" \/>\n<meta property=\"og:title\" content=\"Blog\" \/>\n<meta property=\"og:description\" content=\"Home\/No breadcrumbs\" \/>\n<meta property=\"og:url\" content=\"https:\/\/bioral.es\/en\/blog\/\" \/>\n<meta property=\"og:site_name\" content=\"Cl&iacute;nica Dental Bioral\" \/>\n<meta property=\"article:modified_time\" content=\"2024-11-13T15:57:36+00:00\" \/>\n<meta property=\"og:image\" content=\"https:\/\/bioral.es\/wp-content\/uploads\/2025\/02\/Diseno-sin-titulo-63.jpg\" \/>\n\t<meta property=\"og:image:width\" content=\"1920\" \/>\n\t<meta property=\"og:image:height\" content=\"1080\" \/>\n\t<meta property=\"og:image:type\" content=\"image\/jpeg\" \/>\n<meta name=\"twitter:card\" content=\"summary_large_image\" \/>\n<meta name=\"twitter:label1\" content=\"Est. reading time\" \/>\n\t<meta name=\"twitter:data1\" content=\"4 minutes\" \/>\n<script type=\"application\/ld+json\" class=\"yoast-schema-graph\">{\"@context\":\"https:\\\/\\\/schema.org\",\"@graph\":[{\"@type\":\"WebPage\",\"@id\":\"https:\\\/\\\/bioral.es\\\/blog\\\/\",\"url\":\"https:\\\/\\\/bioral.es\\\/blog\\\/\",\"name\":\"Blog - Cl&iacute;nica Dental Bioral\",\"isPartOf\":{\"@id\":\"https:\\\/\\\/bioral.es\\\/#website\"},\"datePublished\":\"2023-01-19T20:34:21+00:00\",\"dateModified\":\"2024-11-13T15:57:36+00:00\",\"breadcrumb\":{\"@id\":\"https:\\\/\\\/bioral.es\\\/blog\\\/#breadcrumb\"},\"inLanguage\":\"en-US\",\"potentialAction\":[{\"@type\":\"ReadAction\",\"target\":[\"https:\\\/\\\/bioral.es\\\/blog\\\/\"]}]},{\"@type\":\"BreadcrumbList\",\"@id\":\"https:\\\/\\\/bioral.es\\\/blog\\\/#breadcrumb\",\"itemListElement\":[{\"@type\":\"ListItem\",\"position\":1,\"name\":\"Portada\",\"item\":\"https:\\\/\\\/bioral.es\\\/\"},{\"@type\":\"ListItem\",\"position\":2,\"name\":\"Blog\"}]},{\"@type\":\"WebSite\",\"@id\":\"https:\\\/\\\/bioral.es\\\/#website\",\"url\":\"https:\\\/\\\/bioral.es\\\/\",\"name\":\"Cl\u00ednica Dental Bioral\",\"description\":\"Cl&iacute;nica dental en Bilbao y Basauri\",\"publisher\":{\"@id\":\"https:\\\/\\\/bioral.es\\\/#organization\"},\"potentialAction\":[{\"@type\":\"SearchAction\",\"target\":{\"@type\":\"EntryPoint\",\"urlTemplate\":\"https:\\\/\\\/bioral.es\\\/?s={search_term_string}\"},\"query-input\":{\"@type\":\"PropertyValueSpecification\",\"valueRequired\":true,\"valueName\":\"search_term_string\"}}],\"inLanguage\":\"en-US\"},{\"@type\":\"Organization\",\"@id\":\"https:\\\/\\\/bioral.es\\\/#organization\",\"name\":\"Cl\u00ednica Dental Bioral\",\"url\":\"https:\\\/\\\/bioral.es\\\/\",\"logo\":{\"@type\":\"ImageObject\",\"inLanguage\":\"en-US\",\"@id\":\"https:\\\/\\\/bioral.es\\\/#\\\/schema\\\/logo\\\/image\\\/\",\"url\":\"\",\"contentUrl\":\"\",\"caption\":\"Cl\u00ednica Dental Bioral\"},\"image\":{\"@id\":\"https:\\\/\\\/bioral.es\\\/#\\\/schema\\\/logo\\\/image\\\/\"}}]}<\/script>\n<!-- \/ Yoast SEO Premium plugin. -->","yoast_head_json":{"title":"Blog - Cl&iacute;nica Dental Bioral","robots":{"index":"index","follow":"follow","max-snippet":"max-snippet:-1","max-image-preview":"max-image-preview:large","max-video-preview":"max-video-preview:-1"},"canonical":"https:\/\/bioral.es\/en\/blog\/","og_locale":"en_US","og_type":"article","og_title":"Blog","og_description":"Home\/No breadcrumbs","og_url":"https:\/\/bioral.es\/en\/blog\/","og_site_name":"Cl&iacute;nica Dental Bioral","article_modified_time":"2024-11-13T15:57:36+00:00","og_image":[{"width":1920,"height":1080,"url":"https:\/\/bioral.es\/wp-content\/uploads\/2025\/02\/Diseno-sin-titulo-63.jpg","type":"image\/jpeg"}],"twitter_card":"summary_large_image","twitter_misc":{"Est. reading time":"4 minutes"},"schema":{"@context":"https:\/\/schema.org","@graph":[{"@type":"WebPage","@id":"https:\/\/bioral.es\/blog\/","url":"https:\/\/bioral.es\/blog\/","name":"Blog - Cl&iacute;nica Dental Bioral","isPartOf":{"@id":"https:\/\/bioral.es\/#website"},"datePublished":"2023-01-19T20:34:21+00:00","dateModified":"2024-11-13T15:57:36+00:00","breadcrumb":{"@id":"https:\/\/bioral.es\/blog\/#breadcrumb"},"inLanguage":"en-US","potentialAction":[{"@type":"ReadAction","target":["https:\/\/bioral.es\/blog\/"]}]},{"@type":"BreadcrumbList","@id":"https:\/\/bioral.es\/blog\/#breadcrumb","itemListElement":[{"@type":"ListItem","position":1,"name":"Portada","item":"https:\/\/bioral.es\/"},{"@type":"ListItem","position":2,"name":"Blog"}]},{"@type":"WebSite","@id":"https:\/\/bioral.es\/#website","url":"https:\/\/bioral.es\/","name":"Cl\u00ednica Dental Bioral","description":"Cl&iacute;nica dental en Bilbao y Basauri","publisher":{"@id":"https:\/\/bioral.es\/#organization"},"potentialAction":[{"@type":"SearchAction","target":{"@type":"EntryPoint","urlTemplate":"https:\/\/bioral.es\/?s={search_term_string}"},"query-input":{"@type":"PropertyValueSpecification","valueRequired":true,"valueName":"search_term_string"}}],"inLanguage":"en-US"},{"@type":"Organization","@id":"https:\/\/bioral.es\/#organization","name":"Cl\u00ednica Dental Bioral","url":"https:\/\/bioral.es\/","logo":{"@type":"ImageObject","inLanguage":"en-US","@id":"https:\/\/bioral.es\/#\/schema\/logo\/image\/","url":"","contentUrl":"","caption":"Cl\u00ednica Dental Bioral"},"image":{"@id":"https:\/\/bioral.es\/#\/schema\/logo\/image\/"}}]}},"_links":{"self":[{"href":"https:\/\/bioral.es\/en\/wp-json\/wp\/v2\/pages\/29578","targetHints":{"allow":["GET"]}}],"collection":[{"href":"https:\/\/bioral.es\/en\/wp-json\/wp\/v2\/pages"}],"about":[{"href":"https:\/\/bioral.es\/en\/wp-json\/wp\/v2\/types\/page"}],"author":[{"embeddable":true,"href":"https:\/\/bioral.es\/en\/wp-json\/wp\/v2\/users\/2"}],"replies":[{"embeddable":true,"href":"https:\/\/bioral.es\/en\/wp-json\/wp\/v2\/comments?post=29578"}],"version-history":[{"count":17,"href":"https:\/\/bioral.es\/en\/wp-json\/wp\/v2\/pages\/29578\/revisions"}],"predecessor-version":[{"id":35184,"href":"https:\/\/bioral.es\/en\/wp-json\/wp\/v2\/pages\/29578\/revisions\/35184"}],"wp:attachment":[{"href":"https:\/\/bioral.es\/en\/wp-json\/wp\/v2\/media?parent=29578"}],"curies":[{"name":"wp","href":"https:\/\/api.w.org\/{rel}","templated":true}]}}